{"id":460,"date":"2018-08-29T12:17:54","date_gmt":"2018-08-29T16:17:54","guid":{"rendered":"https:\/\/www.tracking-progress.org\/?page_id=460"},"modified":"2022-01-27T22:54:28","modified_gmt":"2022-01-28T03:54:28","slug":"create-a-cis","status":"publish","type":"page","link":"https:\/\/www.tracking-progress.org\/de\/create-a-cis\/","title":{"rendered":"Eine Tracking Progress Seite erstellen"},"content":{"rendered":"<h1>M\u00f6chten Sie eine Tracking-Progress Seite in Ihrer Gemeinde einrichten?<\/h1>\n<img loading=\"lazy\" decoding=\"async\" class=\"size-medium wp-image-453 aligncenter\" src=\"https:\/\/www.tracking-progress.org\/wp-content\/uploads\/2018\/08\/ALL_THEMES_ICONS-300x37.png\" alt=\"\" width=\"300\" height=\"37\" srcset=\"https:\/\/www.tracking-progress.org\/wp-content\/uploads\/2018\/08\/ALL_THEMES_ICONS-300x37.png 300w, https:\/\/www.tracking-progress.org\/wp-content\/uploads\/2018\/08\/ALL_THEMES_ICONS-768x94.png 768w, https:\/\/www.tracking-progress.org\/wp-content\/uploads\/2018\/08\/ALL_THEMES_ICONS-1024x125.png 1024w, https:\/\/www.tracking-progress.org\/wp-content\/uploads\/2018\/08\/ALL_THEMES_ICONS-150x18.png 150w, https:\/\/www.tracking-progress.org\/wp-content\/uploads\/2018\/08\/ALL_THEMES_ICONS-450x55.png 450w, https:\/\/www.tracking-progress.org\/wp-content\/uploads\/2018\/08\/ALL_THEMES_ICONS-600x73.png 600w, https:\/\/www.tracking-progress.org\/wp-content\/uploads\/2018\/08\/ALL_THEMES_ICONS-900x110.png 900w, https:\/\/www.tracking-progress.org\/wp-content\/uploads\/2018\/08\/ALL_THEMES_ICONS.png 1283w\" sizes=\"auto, (max-width: 300px) 100vw, 300px\" \/>\n<p><strong>Was ist eine Tracking-Progress-Site?<\/strong><\/p>\n<p>Eine Tracking-Progress-Website misst wichtige Indikatoren f\u00fcr das soziale, wirtschaftliche, \u00f6kologische, politische, kulturelle und physische Wohlergehen einer Gemeinschaft. Durch die Verfolgung vergangener und aktueller Informationen zu diesen Indikatoren bietet eine Website Einblicke in die allgemeine Gesundheit und Richtung einer Gemeinschaft. Laut der American Planning Association (2003) sind &#8222;Gemeinschaftsindikatoren Informationen, die, wenn sie kombiniert werden, ein Bild davon vermitteln, was in einem lokalen System geschieht&#8230;&#8220;.<\/p>\n<p><strong>Was sind die Vorteile?<\/strong><\/p>\n<p>Eine Tracking-Progress-Website f\u00fcr Ihre Gemeinde hat viele Vorteile. Das Daten-Dashboard gibt Unternehmen, Organisationen, Schulen und Beh\u00f6rden die M\u00f6glichkeit, den Fortschritt in ihrer Gemeinde zu messen und zu verfolgen, was zu einer st\u00e4rker faktengest\u00fctzten Diskussion, Entscheidungsfindung und Planung f\u00fchrt. Sie k\u00f6nnen Gruppen um ein Ziel herum vereinen, den Menschen helfen, ihre Gemeinschaft zu verstehen, und sie zu Ver\u00e4nderungen inspirieren.<\/p>\n<p>Gemeinschaften k\u00f6nnen auch ihren Beitrag zum Gesamterfolg der Ziele f\u00fcr nachhaltige Entwicklung der Vereinten Nationen messen, indem sie Indikatoren &#8222;lokalisieren&#8220; und so das gr\u00f6\u00dfere Datenumfeld unterst\u00fctzen, das die internationalen Bem\u00fchungen um eine gerechtere und nachhaltigere Welt vorantreibt. Eines der wichtigsten Prinzipien der Agenda 2030 ist, dass L\u00e4nder, Regionen und Gemeinden ihre eigenen Priorit\u00e4ten und Ziele innerhalb des breiteren Rahmens der SDGs in einem Bottom-up-Ansatz festlegen.<\/p>\n<p><strong>Welche Erfahrungen hat das IISD mit der Entwicklung von Tracking Progress Seiten?<\/strong><\/p>\n<p>Das Internationale Institut f\u00fcr Nachhaltige Entwicklung (IISD) verf\u00fcgt \u00fcber mehr als ein Jahrzehnt Erfahrung in der Zusammenarbeit mit Partnern bei der Sammlung, Kontextualisierung und Visualisierung von Daten f\u00fcr die Entscheidungsfindung. Die Tracking-Progress-Websites des IISD haben Preise gewonnen, die Berichterstattung in den Mainstream-Medien \u00fcber kommunale Themen angekurbelt, die CSR-Pl\u00e4ne gro\u00dfer Unternehmen informiert, gemeinn\u00fctzige Organisationen bei Finanzierungsvorschl\u00e4gen unterst\u00fctzt und zivile Regierungen dahingehend beeinflusst, die SDGs als allgemeinen Entwicklungsrahmen anzunehmen.<\/p>\n<div id=\"attachment_750\" style=\"width: 398px\" class=\"wp-caption alignright\"><a href=\"https:\/\/www.tracking-progress.org\/wp-content\/uploads\/2020\/06\/sdgs-mayor.png\"><img loading=\"lazy\" decoding=\"async\" aria-describedby=\"caption-attachment-750\" class=\"wp-image-750\" src=\"https:\/\/www.tracking-progress.org\/wp-content\/uploads\/2020\/06\/sdgs-mayor-300x168.png\" alt=\"Mayor Bowman\" width=\"388\" height=\"217\" srcset=\"https:\/\/www.tracking-progress.org\/wp-content\/uploads\/2020\/06\/sdgs-mayor-300x168.png 300w, https:\/\/www.tracking-progress.org\/wp-content\/uploads\/2020\/06\/sdgs-mayor-1024x575.png 1024w, https:\/\/www.tracking-progress.org\/wp-content\/uploads\/2020\/06\/sdgs-mayor-768x431.png 768w, https:\/\/www.tracking-progress.org\/wp-content\/uploads\/2020\/06\/sdgs-mayor-1536x862.png 1536w, https:\/\/www.tracking-progress.org\/wp-content\/uploads\/2020\/06\/sdgs-mayor-150x84.png 150w, https:\/\/www.tracking-progress.org\/wp-content\/uploads\/2020\/06\/sdgs-mayor-450x253.png 450w, https:\/\/www.tracking-progress.org\/wp-content\/uploads\/2020\/06\/sdgs-mayor-600x337.png 600w, https:\/\/www.tracking-progress.org\/wp-content\/uploads\/2020\/06\/sdgs-mayor-900x505.png 900w, https:\/\/www.tracking-progress.org\/wp-content\/uploads\/2020\/06\/sdgs-mayor.png 1903w\" sizes=\"auto, (max-width: 388px) 100vw, 388px\" \/><\/a><p id=\"caption-attachment-750\" class=\"wp-caption-text\"><em>Anfang 2020 k\u00fcndigte B\u00fcrgermeister Brian Bowman an, dass Winnipeg die SDGs als Rahmen f\u00fcr die st\u00e4dtische Entwicklung \u00fcbernehmen wird, und nannte <a href=\"https:\/\/www.mypeg.ca\/\" target=\"_blank\" rel=\"noopener noreferrer\">Peg<\/a> als hervorragendes Instrument zur Ermittlung der Priorit\u00e4ten.\u00a0<\/em><\/p><\/div>\n<p><strong>Wie kann Ihre Gemeinschaft eine Tracking Progress Seite einrichten?<\/strong><\/p>\n<p>Ihre Ziele f\u00fcr eine Tracking-Progress-Website bestimmen die Strategien, die Sie verfolgen sollten, und den Arbeitsaufwand, der f\u00fcr den Erfolg erforderlich ist. Wenn Sie daran interessiert sind, eine Website in Ihrer Gemeinde einzurichten, \u00fcberlegen Sie bitte, was Sie mit einer Tracking-Progress-Site erreichen m\u00f6chten. Wollen Sie:<\/p>\n<ul>\n<li>Politik und Entscheidungsfindung informieren;<\/li>\n<li>Zielvorgaben und Ziele f\u00fcr die Verbesserung der Gemeinschaft festlegen<\/li>\n<li>den Stolz und das Engagement der Gemeinschaft erh\u00f6hen;<\/li>\n<li>Neue Unternehmen anlocken;<\/li>\n<li>den privaten Sektor f\u00fcr strategische Spenden von Unternehmen gewinnen;<\/li>\n<li>Verbesserung der Zusammenarbeit bei der L\u00f6sung \u00f6ffentlicher Probleme;<\/li>\n<li>Bereitstellung von Instrumenten zur F\u00f6rderung von Ma\u00dfnahmen; und\/oder<\/li>\n<li>Verbesserung des \u00f6ffentlichen Wissens \u00fcber wichtige wirtschaftliche, \u00f6kologische, soziale und kulturelle Themen.<\/li>\n<\/ul>\n<p>Wenn Sie Ihre Absichten von Anfang an festlegen, k\u00f6nnen Sie Ihre Website und Ihren Aktionsplan so gestalten, dass sie spezifische Ergebnisse erzielen.<\/p>\n<div id=\"attachment_761\" style=\"width: 262px\" class=\"wp-caption alignleft\"><a href=\"https:\/\/www.tracking-progress.org\/wp-content\/uploads\/2020\/06\/mypeg2.png\"><img loading=\"lazy\" decoding=\"async\" aria-describedby=\"caption-attachment-761\" class=\"wp-image-761\" src=\"https:\/\/www.tracking-progress.org\/wp-content\/uploads\/2020\/06\/mypeg2-300x293.png\" alt=\"Median Income Excel Spreadsheet\" width=\"252\" height=\"246\" srcset=\"https:\/\/www.tracking-progress.org\/wp-content\/uploads\/2020\/06\/mypeg2-300x293.png 300w, https:\/\/www.tracking-progress.org\/wp-content\/uploads\/2020\/06\/mypeg2-150x147.png 150w, https:\/\/www.tracking-progress.org\/wp-content\/uploads\/2020\/06\/mypeg2-450x440.png 450w, https:\/\/www.tracking-progress.org\/wp-content\/uploads\/2020\/06\/mypeg2-600x586.png 600w, https:\/\/www.tracking-progress.org\/wp-content\/uploads\/2020\/06\/mypeg2.png 703w\" sizes=\"auto, (max-width: 252px) 100vw, 252px\" \/><\/a><p id=\"caption-attachment-761\" class=\"wp-caption-text\"><em>Zur<\/em> <em>Aktualisierung einer fertig eingerichteten Website m\u00fcssen lediglich Tabellen mit neuen Daten hochgeladen werden.<\/em>.<\/p><\/div>\n<p><strong>Welches Fachwissen ist erforderlich?<\/strong><\/p>\n<p>Das IISD unterst\u00fctzt Organisationen, die eine Website einrichten &#8211; egal, ob es sich um Regierungen, Universit\u00e4ten, gemeinn\u00fctzige Organisationen oder Stiftungen handelt &#8211; w\u00e4hrend einer Startphase von drei bis sechs Monaten. W\u00e4hrend dieser Zeit bietet das IISD die technische Unterst\u00fctzung f\u00fcr den Aufbau der Tracking-Progress-Site sowie Schulungsmodule f\u00fcr die Verwaltung der Site nach dem Start. Das IISD stellt auch sein institutionelles Wissen dar\u00fcber zur Verf\u00fcgung, was in anderen Gemeinschaften gut funktioniert hat, einschlie\u00dflich der Auswahl von Indikatoren, des Engagements der Gemeinschaft und des Aufbaus von Beziehungen zu Datenlieferanten.<\/p>\n<p>Der Betrieb einer vollst\u00e4ndig aufgebauten Tracking-Progress-Website ist einfach und erfordert nur grundlegende Excel-Kenntnisse, um neue Daten hochzuladen, sobald sie verf\u00fcgbar sind. Das IISD hat die Tracking-Progress-Vorlage absichtlich so gestaltet, dass sie mit wenig Ressourcen und Zeit auskommt, damit Entwicklungsexperten unabh\u00e4ngig von ihrem technischen Hintergrund eine Website betreiben k\u00f6nnen.<\/p>\n<p><strong>Aufbau einer nachhaltigen Tracking-Progress-Website<\/strong><\/p>\n<p>Eine Tracking-Progress-Website ist wichtig f\u00fcr die Messung des Wohlbefindens und die Festlegung von Zielen in einer Gemeinschaft. Jede Organisation oder Koalition, die eine Website einrichten m\u00f6chte (einschlie\u00dflich Regierungen, NROs und akademische Einrichtungen), muss jedoch \u00fcber eine nachhaltige Basis von Ressourcen verf\u00fcgen, um einen langfristigen Erfolg zu gew\u00e4hrleisten. Es sind mehrere Kriterien zu ber\u00fccksichtigen:<\/p>\n<p><strong>1. Personal:<\/strong> Mindestens eine sachkundige Person, die die Daten regelm\u00e4\u00dfig aktualisieren und die Informationen mit der \u00d6ffentlichkeit teilen kann. Es gibt zwei S\u00e4ulen einer Tracking-Progress-Website: Daten und Kommunikation. Dies sind zwei wichtige F\u00e4higkeiten, die Sie in Ihrem Team haben sollten.<\/p>\n<p><strong>2. Partner:<\/strong> Ideal ist die Unterst\u00fctzung durch mehrere Regierungsstellen, B\u00fcrgerinitiativen und\/oder Wohlt\u00e4tigkeitsorganisationen. Dies erh\u00f6ht den Nutzen der Website und verbessert die Chancen auf eine kontinuierliche Finanzierung. Einige Beispiele f\u00fcr wichtige Partner sind:<\/p>\n<ul>\n<li>Lokale Beh\u00f6rden (Planung, wirtschaftliche Entwicklung, Kultur und Tourismus)<\/li>\n<li>\u00d6rtliche B\u00fcrgerstiftungen und Wohlt\u00e4tigkeitsorganisationen<\/li>\n<li>Handelskammern oder Wirtschaftsf\u00f6rderungsgruppen<\/li>\n<li>Lokale Gesundheitsbeh\u00f6rden<\/li>\n<li>Soziale Dienste und Gruppen zur Armutsbek\u00e4mpfung<\/li>\n<li>Universit\u00e4ten oder Fachhochschulen<\/li>\n<\/ul>\n<p><strong>3. Verf\u00fcgbarkeit von Daten auf kommunaler Ebene:<\/strong> Der Zugang zu regelm\u00e4\u00dfigen, verl\u00e4sslichen Daten ist entscheidend f\u00fcr den Erfolg einer Tracking-Progress-Site und kann den Aufbau von Beziehungen erfordern, wenn Ihre Organisation nicht f\u00fcr die Daten verantwortlich ist. Datenquellen k\u00f6nnen sein:<\/p>\n<ul>\n<li>Verwaltungsdaten von lokalen Beh\u00f6rden<\/li>\n<li>Berichte der \u00f6ffentlichen Verkehrsbetriebe<\/li>\n<li>Daten von Strafverfolgungsbeh\u00f6rden<\/li>\n<li>Berichte von Organisationen f\u00fcr wirtschaftliche Entwicklung und Unternehmensverbesserung<\/li>\n<li>Daten von regionalen und nationalen statistischen \u00c4mtern<\/li>\n<li>Verwendung von Berichten von Gemeinde- und Seniorenzentren, Lebensmittelbanken und Notunterk\u00fcnften<\/li>\n<li>Aufgeschl\u00fcsselte Daten von Organisationen, die bestimmte Gemeinden in Ihrer Region versorgen<\/li>\n<\/ul>\n<p>Dar\u00fcber hinaus sollten die Daten nach M\u00f6glichkeit f\u00fcr einen Zeitraum von mindestens 10 Jahren verf\u00fcgbar sein. Dies ist zwar nicht bei allen Daten der Fall, aber es ist hilfreich, um zu Beginn des Projekts Trends zu erkennen.<\/p>\n<p>Es ist zwar nicht erforderlich, dass eine Tracking-Progress-Site zu Beginn alle oben genannten Kriterien erf\u00fcllt, aber es ist wichtig, diese Ressourcen auch in Zukunft im Auge zu behalten. Ziel dieses Projekts ist es, die Gemeinden bei der Entwicklung eines nachhaltigen Standorts zu unterst\u00fctzen. Bei der Ermittlung von St\u00e4rken und potenziellen Hindernissen f\u00fcr den Erfolg k\u00f6nnen wir mit den Gemeinden zusammenarbeiten, um technische Kapazit\u00e4ten aufzubauen und Strategien zur \u00dcberwindung von Hindernissen zu entwickeln, einschlie\u00dflich laufender Finanzierung, der Entwicklung von Partnerschaftsmodellen oder der \u00d6ffentlichkeitsarbeit.<\/p>\n<p><strong>Beginnen Sie noch heute mit dem Aufbau Ihrer Tracking-Progress-Website<\/strong><\/p>\n<p>Das IISD unterst\u00fctzt Regierungen, akademische Einrichtungen und Nichtregierungsorganisationen bei der Einrichtung von Tracking-Progress-Standorten in ihren Gemeinden. Wenn Sie eine Website in Ihrer Gemeinde einrichten m\u00f6chten, senden Sie eine E-Mail an tracking-progress@iisd.ca, um zu erfahren, wie unser kosteng\u00fcnstiges, praxisnahes Training und benutzerfreundliches Tool funktioniert.<\/p>\n","protected":false},"excerpt":{"rendered":"<p>M\u00f6chten Sie eine Tracking-Progress Seite in Ihrer Gemeinde einrichten? Was ist eine Tracking-Progress-Site? Eine Tracking-Progress-Website&#8230;  <\/p>\n<div class=\"m-all t-all d-all\"><a class=\"excerpt-read-more\" href=\"https:\/\/www.tracking-progress.org\/de\/create-a-cis\/\" title=\"Read Eine Tracking Progress Seite erstellen\">Read more &raquo;<\/a><\/div>\n","protected":false},"author":4,"featured_media":0,"parent":0,"menu_order":0,"comment_status":"closed","ping_status":"closed","template":"page-wide-no-title.php","meta":{"_acf_changed":false,"footnotes":""},"class_list":["post-460","page","type-page","status-publish","hentry"],"translation":{"provider":"WPGlobus","version":"3.0.2","language":"de","enabled_languages":["ca","qc","de","es","ja"],"languages":{"ca":{"title":true,"content":true,"excerpt":false},"qc":{"title":true,"content":true,"excerpt":false},"de":{"title":true,"content":true,"excerpt":false},"es":{"title":true,"content":true,"excerpt":false},"ja":{"title":true,"content":true,"excerpt":false}}},"acf":[],"yoast_head":"<!-- This site is optimized with the Yoast SEO plugin v27.4 - https:\/\/yoast.com\/product\/yoast-seo-wordpress\/ -->\n<title>Eine Tracking Progress Seite erstellen - Tracking Progress<\/title>\n<meta name=\"robots\" content=\"index, follow, max-snippet:-1, max-image-preview:large, max-video-preview:-1\" \/>\n<link rel=\"canonical\" href=\"https:\/\/www.tracking-progress.org\/create-a-cis\/\" \/>\n<meta property=\"og:locale\" content=\"de_DE\" \/>\n<meta property=\"og:type\" content=\"article\" \/>\n<meta property=\"og:title\" content=\"Eine Tracking Progress Seite erstellen - Tracking Progress\" \/>\n<meta property=\"og:url\" content=\"https:\/\/www.tracking-progress.org\/create-a-cis\/\" \/>\n<meta property=\"og:site_name\" content=\"Tracking Progress\" \/>\n<meta property=\"article:modified_time\" content=\"2022-01-28T03:54:28+00:00\" \/>\n<meta property=\"og:image\" content=\"https:\/\/www.tracking-progress.org\/wp-content\/uploads\/2018\/08\/ALL_THEMES_ICONS-300x37.png\" \/>\n<meta name=\"twitter:card\" content=\"summary_large_image\" \/>\n<meta name=\"twitter:label1\" content=\"Gesch\u00e4tzte Lesezeit\" \/>\n\t<meta name=\"twitter:data1\" content=\"1\u00a0Minute\" \/>\n<script type=\"application\/ld+json\" class=\"yoast-schema-graph\">{\"@context\":\"https:\\\/\\\/schema.org\",\"@graph\":[{\"@type\":\"WebPage\",\"@id\":\"https:\\\/\\\/www.tracking-progress.org\\\/create-a-cis\\\/\",\"url\":\"https:\\\/\\\/www.tracking-progress.org\\\/create-a-cis\\\/\",\"name\":\"Eine Tracking Progress Seite erstellen - Tracking Progress\",\"isPartOf\":{\"@id\":\"https:\\\/\\\/www.tracking-progress.org\\\/#website\"},\"primaryImageOfPage\":{\"@id\":\"https:\\\/\\\/www.tracking-progress.org\\\/create-a-cis\\\/#primaryimage\"},\"image\":{\"@id\":\"https:\\\/\\\/www.tracking-progress.org\\\/create-a-cis\\\/#primaryimage\"},\"thumbnailUrl\":\"https:\\\/\\\/www.tracking-progress.org\\\/wp-content\\\/uploads\\\/2018\\\/08\\\/ALL_THEMES_ICONS-300x37.png\",\"datePublished\":\"2018-08-29T16:17:54+00:00\",\"dateModified\":\"2022-01-28T03:54:28+00:00\",\"breadcrumb\":{\"@id\":\"https:\\\/\\\/www.tracking-progress.org\\\/create-a-cis\\\/#breadcrumb\"},\"inLanguage\":\"de\",\"potentialAction\":[{\"@type\":\"ReadAction\",\"target\":[\"https:\\\/\\\/www.tracking-progress.org\\\/create-a-cis\\\/\"]}]},{\"@type\":\"ImageObject\",\"inLanguage\":\"de\",\"@id\":\"https:\\\/\\\/www.tracking-progress.org\\\/create-a-cis\\\/#primaryimage\",\"url\":\"https:\\\/\\\/www.tracking-progress.org\\\/wp-content\\\/uploads\\\/2018\\\/08\\\/ALL_THEMES_ICONS-300x37.png\",\"contentUrl\":\"https:\\\/\\\/www.tracking-progress.org\\\/wp-content\\\/uploads\\\/2018\\\/08\\\/ALL_THEMES_ICONS-300x37.png\"},{\"@type\":\"BreadcrumbList\",\"@id\":\"https:\\\/\\\/www.tracking-progress.org\\\/create-a-cis\\\/#breadcrumb\",\"itemListElement\":[{\"@type\":\"ListItem\",\"position\":1,\"name\":\"Home\",\"item\":\"https:\\\/\\\/www.tracking-progress.org\\\/\"},{\"@type\":\"ListItem\",\"position\":2,\"name\":\"Create a Site\"}]},{\"@type\":\"WebSite\",\"@id\":\"https:\\\/\\\/www.tracking-progress.org\\\/#website\",\"url\":\"https:\\\/\\\/www.tracking-progress.org\\\/\",\"name\":\"Tracking Progress\",\"description\":\"Lokalen Fortschrit messen, Global handlen\",\"potentialAction\":[{\"@type\":\"SearchAction\",\"target\":{\"@type\":\"EntryPoint\",\"urlTemplate\":\"https:\\\/\\\/www.tracking-progress.org\\\/?s={search_term_string}\"},\"query-input\":{\"@type\":\"PropertyValueSpecification\",\"valueRequired\":true,\"valueName\":\"search_term_string\"}}],\"inLanguage\":\"de\"}]}<\/script>\n<!-- \/ Yoast SEO plugin. -->","yoast_head_json":{"title":"Eine Tracking Progress Seite erstellen - Tracking Progress","robots":{"index":"index","follow":"follow","max-snippet":"max-snippet:-1","max-image-preview":"max-image-preview:large","max-video-preview":"max-video-preview:-1"},"canonical":"https:\/\/www.tracking-progress.org\/create-a-cis\/","og_locale":"de_DE","og_type":"article","og_title":"Eine Tracking Progress Seite erstellen - Tracking Progress","og_url":"https:\/\/www.tracking-progress.org\/create-a-cis\/","og_site_name":"Tracking Progress","article_modified_time":"2022-01-28T03:54:28+00:00","og_image":[{"url":"https:\/\/www.tracking-progress.org\/wp-content\/uploads\/2018\/08\/ALL_THEMES_ICONS-300x37.png","type":"","width":"","height":""}],"twitter_card":"summary_large_image","twitter_misc":{"Gesch\u00e4tzte Lesezeit":"1\u00a0Minute"},"schema":{"@context":"https:\/\/schema.org","@graph":[{"@type":"WebPage","@id":"https:\/\/www.tracking-progress.org\/create-a-cis\/","url":"https:\/\/www.tracking-progress.org\/create-a-cis\/","name":"Eine Tracking Progress Seite erstellen - Tracking Progress","isPartOf":{"@id":"https:\/\/www.tracking-progress.org\/#website"},"primaryImageOfPage":{"@id":"https:\/\/www.tracking-progress.org\/create-a-cis\/#primaryimage"},"image":{"@id":"https:\/\/www.tracking-progress.org\/create-a-cis\/#primaryimage"},"thumbnailUrl":"https:\/\/www.tracking-progress.org\/wp-content\/uploads\/2018\/08\/ALL_THEMES_ICONS-300x37.png","datePublished":"2018-08-29T16:17:54+00:00","dateModified":"2022-01-28T03:54:28+00:00","breadcrumb":{"@id":"https:\/\/www.tracking-progress.org\/create-a-cis\/#breadcrumb"},"inLanguage":"de","potentialAction":[{"@type":"ReadAction","target":["https:\/\/www.tracking-progress.org\/create-a-cis\/"]}]},{"@type":"ImageObject","inLanguage":"de","@id":"https:\/\/www.tracking-progress.org\/create-a-cis\/#primaryimage","url":"https:\/\/www.tracking-progress.org\/wp-content\/uploads\/2018\/08\/ALL_THEMES_ICONS-300x37.png","contentUrl":"https:\/\/www.tracking-progress.org\/wp-content\/uploads\/2018\/08\/ALL_THEMES_ICONS-300x37.png"},{"@type":"BreadcrumbList","@id":"https:\/\/www.tracking-progress.org\/create-a-cis\/#breadcrumb","itemListElement":[{"@type":"ListItem","position":1,"name":"Home","item":"https:\/\/www.tracking-progress.org\/"},{"@type":"ListItem","position":2,"name":"Create a Site"}]},{"@type":"WebSite","@id":"https:\/\/www.tracking-progress.org\/#website","url":"https:\/\/www.tracking-progress.org\/","name":"Tracking Progress","description":"Lokalen Fortschrit messen, Global handlen","potentialAction":[{"@type":"SearchAction","target":{"@type":"EntryPoint","urlTemplate":"https:\/\/www.tracking-progress.org\/?s={search_term_string}"},"query-input":{"@type":"PropertyValueSpecification","valueRequired":true,"valueName":"search_term_string"}}],"inLanguage":"de"}]}},"_links":{"self":[{"href":"https:\/\/www.tracking-progress.org\/de\/wp-json\/wp\/v2\/pages\/460","targetHints":{"allow":["GET"]}}],"collection":[{"href":"https:\/\/www.tracking-progress.org\/de\/wp-json\/wp\/v2\/pages"}],"about":[{"href":"https:\/\/www.tracking-progress.org\/de\/wp-json\/wp\/v2\/types\/page"}],"author":[{"embeddable":true,"href":"https:\/\/www.tracking-progress.org\/de\/wp-json\/wp\/v2\/users\/4"}],"replies":[{"embeddable":true,"href":"https:\/\/www.tracking-progress.org\/de\/wp-json\/wp\/v2\/comments?post=460"}],"version-history":[{"count":53,"href":"https:\/\/www.tracking-progress.org\/de\/wp-json\/wp\/v2\/pages\/460\/revisions"}],"predecessor-version":[{"id":1232,"href":"https:\/\/www.tracking-progress.org\/de\/wp-json\/wp\/v2\/pages\/460\/revisions\/1232"}],"wp:attachment":[{"href":"https:\/\/www.tracking-progress.org\/de\/wp-json\/wp\/v2\/media?parent=460"}],"curies":[{"name":"wp","href":"https:\/\/api.w.org\/{rel}","templated":true}]}}