{"id":460,"date":"2018-08-29T12:17:54","date_gmt":"2018-08-29T16:17:54","guid":{"rendered":"https:\/\/www.tracking-progress.org\/?page_id=460"},"modified":"2022-01-27T22:54:28","modified_gmt":"2022-01-28T03:54:28","slug":"create-a-cis","status":"publish","type":"page","link":"https:\/\/www.tracking-progress.org\/qc\/create-a-cis\/","title":{"rendered":"Cr\u00e9er un site"},"content":{"rendered":"<h1>Vous envisagez de cr\u00e9er un site Suivi des Progr\u00e8s dans votre communaut\u00e9?<\/h1>\n<img loading=\"lazy\" decoding=\"async\" class=\"size-medium wp-image-453 aligncenter\" src=\"https:\/\/www.tracking-progress.org\/wp-content\/uploads\/2018\/08\/ALL_THEMES_ICONS-300x37.png\" alt=\"\" width=\"300\" height=\"37\" srcset=\"https:\/\/www.tracking-progress.org\/wp-content\/uploads\/2018\/08\/ALL_THEMES_ICONS-300x37.png 300w, https:\/\/www.tracking-progress.org\/wp-content\/uploads\/2018\/08\/ALL_THEMES_ICONS-768x94.png 768w, https:\/\/www.tracking-progress.org\/wp-content\/uploads\/2018\/08\/ALL_THEMES_ICONS-1024x125.png 1024w, https:\/\/www.tracking-progress.org\/wp-content\/uploads\/2018\/08\/ALL_THEMES_ICONS-150x18.png 150w, https:\/\/www.tracking-progress.org\/wp-content\/uploads\/2018\/08\/ALL_THEMES_ICONS-450x55.png 450w, https:\/\/www.tracking-progress.org\/wp-content\/uploads\/2018\/08\/ALL_THEMES_ICONS-600x73.png 600w, https:\/\/www.tracking-progress.org\/wp-content\/uploads\/2018\/08\/ALL_THEMES_ICONS-900x110.png 900w, https:\/\/www.tracking-progress.org\/wp-content\/uploads\/2018\/08\/ALL_THEMES_ICONS.png 1283w\" sizes=\"auto, (max-width: 300px) 100vw, 300px\" \/>\n<p><strong>Qu&rsquo;est-ce qu&rsquo;un site de Suivi des Progr\u00e8s ?<\/strong><\/p>\n<p>Un site de Suivi des Progr\u00e8s mesure des indicateurs importants du bien-\u00eatre social, \u00e9conomique, environnemental, politique, culturel et physique d\u2019une communaut\u00e9. En suivant les informations pass\u00e9es et actuelles sur ces indicateurs, le site donne un aper\u00e7u de la sant\u00e9 globale et de l&rsquo;orientation d&rsquo;une communaut\u00e9. Selon l&rsquo;<em>American Planning Association<\/em> (2003), \u00ables indicateurs communautaires sont des \u00e9l\u00e9ments d&rsquo;information qui, lorsqu&rsquo;ils sont combin\u00e9s, g\u00e9n\u00e8rent une image de ce qui se passe dans un syst\u00e8me local\u2026\u00bb<\/p>\n<p><strong>Quels en sont les avantages ?<\/strong><\/p>\n<p>Il y a de nombreux avantages \u00e0 disposer d&rsquo;un site de Suivi des Progr\u00e8s pour votre communaut\u00e9. Le tableau de bord des donn\u00e9es donne aux entreprises, aux institutions, aux \u00e9coles et aux administrations la possibilit\u00e9 de mesurer et de suivre les progr\u00e8s accomplis au sein de leur communaut\u00e9, processus qui se traduit par un d\u00e9bat, une prise de d\u00e9cision et une planification fond\u00e9es sur des donn\u00e9es probantes. Cela peut unir des groupes autour d&rsquo;un objectif, aider les gens \u00e0 comprendre leur communaut\u00e9 et inspirer le changement.<\/p>\n<p>Les communaut\u00e9s peuvent \u00e9galement mesurer leur contribution \u00e0 la r\u00e9ussite globale des Objectifs de d\u00e9veloppement durable des Nations Unies en \u00ablocalisant\u00bb les indicateurs, en soutenant l\u2019environnement de donn\u00e9es plus large qui guide les efforts internationaux vers l&rsquo;\u00e9dification d&rsquo;un monde plus juste et plus durable. L&rsquo;un des principes important du Programme 2030 est que les pays, les r\u00e9gions et les communaut\u00e9s fixent leurs propres priorit\u00e9s et objectifs dans le cadre plus large des ODD, avec l&rsquo;adoption d&rsquo;une approche ascendante.<\/p>\n<p><strong>Quelle est l&rsquo;exp\u00e9rience de l&rsquo;IIDD dans la mise en place de sites ?<\/strong><\/p>\n<p>L&rsquo;Institut international du d\u00e9veloppement durable a plus d&rsquo;une d\u00e9cennie d&rsquo;exp\u00e9rience de travail avec des partenaires pour collecter, contextualiser et visualiser des donn\u00e9es pour la prise de d\u00e9cision. Les sites de Suivi des Progr\u00e8s de l\u2019IIDD ont remport\u00e9 des prix, aliment\u00e9 la couverture de m\u00e9diatique grand public des probl\u00e8mes de la communaut\u00e9, \u00e9clair\u00e9 les plans de RSE des grandes entreprises, aid\u00e9 les propositions de financement des associations \u00e0 but non lucratif et incit\u00e9 les gouvernements \u00e0 adopter les ODD comme cadre de d\u00e9veloppement global.<\/p>\n<div id=\"attachment_750\" style=\"width: 398px\" class=\"wp-caption alignright\"><a href=\"https:\/\/www.tracking-progress.org\/wp-content\/uploads\/2020\/06\/sdgs-mayor.png\"><img loading=\"lazy\" decoding=\"async\" aria-describedby=\"caption-attachment-750\" class=\"wp-image-750\" src=\"https:\/\/www.tracking-progress.org\/wp-content\/uploads\/2020\/06\/sdgs-mayor-300x168.png\" alt=\"Le Maire Bowman\" width=\"388\" height=\"217\" srcset=\"https:\/\/www.tracking-progress.org\/wp-content\/uploads\/2020\/06\/sdgs-mayor-300x168.png 300w, https:\/\/www.tracking-progress.org\/wp-content\/uploads\/2020\/06\/sdgs-mayor-1024x575.png 1024w, https:\/\/www.tracking-progress.org\/wp-content\/uploads\/2020\/06\/sdgs-mayor-768x431.png 768w, https:\/\/www.tracking-progress.org\/wp-content\/uploads\/2020\/06\/sdgs-mayor-1536x862.png 1536w, https:\/\/www.tracking-progress.org\/wp-content\/uploads\/2020\/06\/sdgs-mayor-150x84.png 150w, https:\/\/www.tracking-progress.org\/wp-content\/uploads\/2020\/06\/sdgs-mayor-450x253.png 450w, https:\/\/www.tracking-progress.org\/wp-content\/uploads\/2020\/06\/sdgs-mayor-600x337.png 600w, https:\/\/www.tracking-progress.org\/wp-content\/uploads\/2020\/06\/sdgs-mayor-900x505.png 900w, https:\/\/www.tracking-progress.org\/wp-content\/uploads\/2020\/06\/sdgs-mayor.png 1903w\" sizes=\"auto, (max-width: 388px) 100vw, 388px\" \/><\/a><p id=\"caption-attachment-750\" class=\"wp-caption-text\"><em>D\u00e9but 2020, le maire Brian Bowman a annonc\u00e9 que Winnipeg adopterait les ODD comme cadre de d\u00e9veloppement, citant <em>Peg <\/em>comme un excellent outil pour \u00e9valuer les priorit\u00e9s. <\/em><\/p><\/div>\n<p><strong>Comment votre communaut\u00e9 peut-elle cr\u00e9er un site ?<\/strong><\/p>\n<p>Vos objectifs pour un site de Suivi des Progr\u00e8s d\u00e9termineront les strat\u00e9gies \u00e0 adopter et la quantit\u00e9 de travail n\u00e9cessaire pour r\u00e9ussir. Si vous souhaitez cr\u00e9er un site dans votre communaut\u00e9, pensez \u00e0 ce que vous souhaiteriez accomplir en disposant d&rsquo;un site de Suivi des Progr\u00e8s. Voudriez-vous :<\/p>\n<ul>\n<li>\u00c9clairer les politiques et la prise de d\u00e9cision;<\/li>\n<li>Fixer des cibles et des objectifs pour l&rsquo;am\u00e9lioration de la communaut\u00e9;<\/li>\n<li>Accro\u00eetre la fiert\u00e9 et l&rsquo;engagement de la communaut\u00e9;<\/li>\n<li>Attirer de nouvelles entreprises;<\/li>\n<li>Impliquer le secteur priv\u00e9 dans les donations strat\u00e9giques des entreprises;<\/li>\n<li>Am\u00e9liorer la collaboration pour r\u00e9soudre les probl\u00e8mes publics;<\/li>\n<li>Fournir des outils pour encourager l&rsquo;action; et \/ ou<\/li>\n<li>Accro\u00eetre les connaissances du public sur les principaux probl\u00e8mes \u00e9conomiques, environnementaux, sociaux et culturels.<\/li>\n<\/ul>\n<p>Bien qu&rsquo;aucun de ces avantages ne soit exclusif, la d\u00e9termination de vos intentions d\u00e8s le d\u00e9but permet \u00e0 votre site et \u00e0 votre plan d&rsquo;action d&rsquo;\u00eatre adapt\u00e9s pour fournir des r\u00e9sultats sp\u00e9cifiques.<\/p>\n<div id=\"attachment_761\" style=\"width: 262px\" class=\"wp-caption alignleft\"><a href=\"https:\/\/www.tracking-progress.org\/wp-content\/uploads\/2020\/06\/mypeg2.png\"><img loading=\"lazy\" decoding=\"async\" aria-describedby=\"caption-attachment-761\" class=\"wp-image-761\" src=\"https:\/\/www.tracking-progress.org\/wp-content\/uploads\/2020\/06\/mypeg2-300x293.png\" alt=\"Feuille de calcul Excel du revenu m\u00e9dian\" width=\"252\" height=\"246\" srcset=\"https:\/\/www.tracking-progress.org\/wp-content\/uploads\/2020\/06\/mypeg2-300x293.png 300w, https:\/\/www.tracking-progress.org\/wp-content\/uploads\/2020\/06\/mypeg2-150x147.png 150w, https:\/\/www.tracking-progress.org\/wp-content\/uploads\/2020\/06\/mypeg2-450x440.png 450w, https:\/\/www.tracking-progress.org\/wp-content\/uploads\/2020\/06\/mypeg2-600x586.png 600w, https:\/\/www.tracking-progress.org\/wp-content\/uploads\/2020\/06\/mypeg2.png 703w\" sizes=\"auto, (max-width: 252px) 100vw, 252px\" \/><\/a><p id=\"caption-attachment-761\" class=\"wp-caption-text\"><em>La mise \u00e0 jour d&rsquo;un site enti\u00e8rement construit ne n\u00e9cessite que le t\u00e9l\u00e9chargement de feuilles de calcul contenant de nouvelles donn\u00e9es.<\/em>.<\/p><\/div>\n<p><strong>Quelle expertise technique est requise ?<\/strong><\/p>\n<p>L&rsquo;IIDD aide les organisations qui lancent un site &#8211; qu&rsquo;il s&rsquo;agisse de gouvernements, d&rsquo;universit\u00e9s, d&rsquo;associations \u00e0 but non lucratif ou de fondations caritatives \u2013 pendant une p\u00e9riode allant de trois \u00e0 six mois. Au cours de cette p\u00e9riode de lancement, l&rsquo;IIDD fournit le support technique pour construire le site de Suivi des Progr\u00e8s ainsi que des modules de formation pour la gestion du site apr\u00e8s son lancement. L&rsquo;IIDD fournit \u00e9galement des connaissances institutionnelles sur ce qui a bien fonctionn\u00e9 dans d&rsquo;autres communaut\u00e9s, y compris la s\u00e9lection des indicateurs, l&rsquo;engagement communautaire et l&rsquo;\u00e9tablissement de relations avec les pourvoyeurs de donn\u00e9es.<\/p>\n<p>L&rsquo;ex\u00e9cution d&rsquo;un site de Suivi des Progr\u00e8s enti\u00e8rement construit est simple, ne n\u00e9cessitant que des comp\u00e9tences de base en Excel pour t\u00e9l\u00e9charger de nouvelles donn\u00e9es lorsqu&rsquo;elles deviennent disponibles. L&rsquo;IIDD a intentionnellement con\u00e7u le mod\u00e8le de Suivi des Progr\u00e8s pour qu&rsquo;il soit \u00abl\u00e9ger\u00bb afin que les professionnels du d\u00e9veloppement sous-financ\u00e9s et disposant de peu de temps soit en mesure d&rsquo;exploiter un tel site ind\u00e9pendamment de leur formation technique.<\/p>\n<p><strong>Construire un site durable de Suivi des Progr\u00e8s<\/strong><\/p>\n<p>Un site de Suivi des progr\u00e8s est important pour la mesure du bien-\u00eatre et l&rsquo;\u00e9tablissement d&rsquo;objectifs dans une communaut\u00e9. Cependant, toute institution ou coalition souhaitant lancer un site (gouvernements, ONG et universit\u00e9s) doit disposer d&rsquo;une base de ressources durable pour assurer la r\u00e9ussite sur le long terme. Plusieurs crit\u00e8res y sont \u00e0 prendre en consid\u00e9ration :<\/p>\n<p><strong>1. Ressources humaines :<\/strong> Au moins une personne bien inform\u00e9e qui peut mettre \u00e0 jour r\u00e9guli\u00e8rement les donn\u00e9es et partager les informations avec le grand public. Un site de Suivi des Progr\u00e8s repose sur deux piliers : les donn\u00e9es et les communications. Ce sont deux ensembles de comp\u00e9tences importants \u00e0 avoir au sein de votre \u00e9quipe.<\/p>\n<p><strong>2. Partenaires multiples :<\/strong> L\u2019id\u00e9al est de b\u00e9n\u00e9ficier du soutien de plusieurs d\u00e9partements du gouvernement, de groupes de citoyens et \/ ou d\u2019institutions caritatives. Cela augmentera l&rsquo;utilit\u00e9 du site et am\u00e9liorera les chances d&rsquo;obtenir un financement permanent. Voici quelques exemples de partenaires importants :<\/p>\n<ul>\n<li>Collectivit\u00e9s locales (d\u00e9partements de la planification, du d\u00e9veloppement \u00e9conomique, de la culture et du tourisme)<\/li>\n<li>Organisations caritatives locales (Centraide, Fondation communautaire, Rotary Club, Lions Club, Kiwanis, Chevaliers de Colomb, etc.)<\/li>\n<li>Chambres de commerce ou groupes d&rsquo;am\u00e9lioration des affaires<\/li>\n<li>Autorit\u00e9s sanitaires locales<\/li>\n<li>Services sociaux et groupes de lutte contre la pauvret\u00e9<\/li>\n<li>Universit\u00e9s ou coll\u00e8ges locaux<\/li>\n<\/ul>\n<p><strong>3. Disponibilit\u00e9 des donn\u00e9es relatives \u00e0 la communaut\u00e9 :<\/strong> L&rsquo;acc\u00e8s \u00e0 des donn\u00e9es r\u00e9guli\u00e8res et fiables est essentiel \u00e0 la r\u00e9ussite d&rsquo;un site de Suivi des Progr\u00e8s et peut impliquer l&rsquo;\u00e9tablissement de relations intentionnelles si votre institution n&rsquo;est pas un d\u00e9positaire de donn\u00e9es. Les sources de donn\u00e9es peuvent inclure :<\/p>\n<ul>\n<li>les archives administratives du gouvernement local<\/li>\n<li>les rapports des autorit\u00e9s de transport en commun<\/li>\n<li>les archives des groupes d&rsquo;application de la loi<\/li>\n<li>les rapports des organismes de d\u00e9veloppement \u00e9conomique et d&rsquo;am\u00e9lioration des affaires<\/li>\n<li>les archives des offices de statistiques r\u00e9gionales et nationales<\/li>\n<li>les rapports des centres communautaires, des asiles pour personnes \u00e2g\u00e9es, des banques alimentaires et des refuges<\/li>\n<li>les donn\u00e9es ventil\u00e9s des institutions desservant des communaut\u00e9s particuli\u00e8res de votre r\u00e9gion<\/li>\n<\/ul>\n<p>En outre, les donn\u00e9es devraient \u00eatre disponibles d&rsquo;avance pour une p\u00e9riode d&rsquo;au moins 10 ans, si possible. Cela peut ne pas \u00eatre le cas pour toutes les donn\u00e9es, mais il est utile de d\u00e9terminer les \u00e9volutions au d\u00e9but du projet.<\/p>\n<p>Bien qu&rsquo;il ne soit pas n\u00e9cessaire pour un site de Suivi des Progr\u00e8s de r\u00e9pondre, au d\u00e9but, \u00e0 tous les crit\u00e8res ci-dessus mentionn\u00e9s, il est important de garder ces ressources \u00e0 l&rsquo;esprit pour l&rsquo;avenir. Ce projet vise \u00e0 aider les communaut\u00e9s \u00e0 mettre en place un site durable. En identifiant les points forts et les obstacles potentiels au succ\u00e8s, nous pouvons travailler avec les communaut\u00e9s en vue de renforcer les capacit\u00e9s techniques et d&rsquo;\u00e9laborer strat\u00e9gies pour surmonter tous les obstacles per\u00e7us, y compris le financement permanent, l&rsquo;\u00e9laboration de mod\u00e8les de partenariat ou la sensibilisation communautaire.<\/p>\n<p><strong>Commencez \u00e0 cr\u00e9er votre site de Suivi des Progr\u00e8s d\u00e8s aujourd&rsquo;hui<\/strong><\/p>\n<p>L&rsquo;IIDD s&rsquo;est engag\u00e9 \u00e0 aider les gouvernements, les institutions universitaires et les ONG \u00e0 cr\u00e9er des sites de Suivi des progr\u00e8s au sein de leurs communaut\u00e9s. Si vous souhaitez cr\u00e9er un site dans votre communaut\u00e9, envoyez un courriel \u00e0 <strong>Suivi des Progr\u00e8s@iisd.cato<\/strong> pour d\u00e9couvrir comment fonctionne notre formation pratique \u00e0 faible co\u00fbt et notre outil convivial.<\/p>\n<p>T\u00e9l\u00e9chargez cette ressource ici : <a href=\"https:\/\/www.tracking-progress.org\/wp-content\/uploads\/2021\/04\/Creer-une-site-Suivi-des-Progres.pdf\">Aper\u00e7u des crit\u00e8res de durabilit\u00e9 du suivi des progr\u00e8s<\/a><\/p>\n","protected":false},"excerpt":{"rendered":"<p>Vous envisagez de cr\u00e9er un site Suivi des Progr\u00e8s dans votre communaut\u00e9? Qu&rsquo;est-ce qu&rsquo;un site&#8230;  <\/p>\n<div class=\"m-all t-all d-all\"><a class=\"excerpt-read-more\" href=\"https:\/\/www.tracking-progress.org\/qc\/create-a-cis\/\" title=\"Lu Cr\u00e9er un site\">Lire la suite &#038;raquo ;<\/a><\/div>\n","protected":false},"author":4,"featured_media":0,"parent":0,"menu_order":0,"comment_status":"closed","ping_status":"closed","template":"page-wide-no-title.php","meta":{"_acf_changed":false,"footnotes":""},"class_list":["post-460","page","type-page","status-publish","hentry"],"translation":{"provider":"WPGlobus","version":"3.0.2","language":"qc","enabled_languages":["ca","qc","de","es","ja"],"languages":{"ca":{"title":true,"content":true,"excerpt":false},"qc":{"title":true,"content":true,"excerpt":false},"de":{"title":true,"content":true,"excerpt":false},"es":{"title":true,"content":true,"excerpt":false},"ja":{"title":true,"content":true,"excerpt":false}}},"acf":[],"yoast_head":"<!-- This site is optimized with the Yoast SEO plugin v27.5 - https:\/\/yoast.com\/product\/yoast-seo-wordpress\/ -->\n<title>Cr\u00e9er un site - suivi des progr\u00e8s<\/title>\n<meta name=\"robots\" content=\"index, follow, max-snippet:-1, max-image-preview:large, max-video-preview:-1\" \/>\n<link rel=\"canonical\" href=\"https:\/\/www.tracking-progress.org\/create-a-cis\/\" \/>\n<meta property=\"og:locale\" content=\"fr_CA\" \/>\n<meta property=\"og:type\" content=\"article\" \/>\n<meta property=\"og:title\" content=\"Cr\u00e9er un site - suivi des progr\u00e8s\" \/>\n<meta property=\"og:url\" content=\"https:\/\/www.tracking-progress.org\/create-a-cis\/\" \/>\n<meta property=\"og:site_name\" content=\"suivi des progr\u00e8s\" \/>\n<meta property=\"article:modified_time\" content=\"2022-01-28T03:54:28+00:00\" \/>\n<meta property=\"og:image\" content=\"https:\/\/www.tracking-progress.org\/wp-content\/uploads\/2018\/08\/ALL_THEMES_ICONS-300x37.png\" \/>\n<meta name=\"twitter:card\" content=\"summary_large_image\" \/>\n<meta name=\"twitter:label1\" content=\"Estimation du temps de lecture\" \/>\n\t<meta name=\"twitter:data1\" content=\"1 minute\" \/>\n<script type=\"application\/ld+json\" class=\"yoast-schema-graph\">{\"@context\":\"https:\\\/\\\/schema.org\",\"@graph\":[{\"@type\":\"WebPage\",\"@id\":\"https:\\\/\\\/www.tracking-progress.org\\\/create-a-cis\\\/\",\"url\":\"https:\\\/\\\/www.tracking-progress.org\\\/create-a-cis\\\/\",\"name\":\"Cr\u00e9er un site - suivi des progr\u00e8s\",\"isPartOf\":{\"@id\":\"https:\\\/\\\/www.tracking-progress.org\\\/#website\"},\"primaryImageOfPage\":{\"@id\":\"https:\\\/\\\/www.tracking-progress.org\\\/create-a-cis\\\/#primaryimage\"},\"image\":{\"@id\":\"https:\\\/\\\/www.tracking-progress.org\\\/create-a-cis\\\/#primaryimage\"},\"thumbnailUrl\":\"https:\\\/\\\/www.tracking-progress.org\\\/wp-content\\\/uploads\\\/2018\\\/08\\\/ALL_THEMES_ICONS-300x37.png\",\"datePublished\":\"2018-08-29T16:17:54+00:00\",\"dateModified\":\"2022-01-28T03:54:28+00:00\",\"breadcrumb\":{\"@id\":\"https:\\\/\\\/www.tracking-progress.org\\\/create-a-cis\\\/#breadcrumb\"},\"inLanguage\":\"fr-CA\",\"potentialAction\":[{\"@type\":\"ReadAction\",\"target\":[\"https:\\\/\\\/www.tracking-progress.org\\\/create-a-cis\\\/\"]}]},{\"@type\":\"ImageObject\",\"inLanguage\":\"fr-CA\",\"@id\":\"https:\\\/\\\/www.tracking-progress.org\\\/create-a-cis\\\/#primaryimage\",\"url\":\"https:\\\/\\\/www.tracking-progress.org\\\/wp-content\\\/uploads\\\/2018\\\/08\\\/ALL_THEMES_ICONS-300x37.png\",\"contentUrl\":\"https:\\\/\\\/www.tracking-progress.org\\\/wp-content\\\/uploads\\\/2018\\\/08\\\/ALL_THEMES_ICONS-300x37.png\"},{\"@type\":\"BreadcrumbList\",\"@id\":\"https:\\\/\\\/www.tracking-progress.org\\\/create-a-cis\\\/#breadcrumb\",\"itemListElement\":[{\"@type\":\"ListItem\",\"position\":1,\"name\":\"Home\",\"item\":\"https:\\\/\\\/www.tracking-progress.org\\\/\"},{\"@type\":\"ListItem\",\"position\":2,\"name\":\"Create a Site\"}]},{\"@type\":\"WebSite\",\"@id\":\"https:\\\/\\\/www.tracking-progress.org\\\/#website\",\"url\":\"https:\\\/\\\/www.tracking-progress.org\\\/\",\"name\":\"suivi des progr\u00e8s\",\"description\":\"Suivi local, r\u00e9flexion globale\",\"potentialAction\":[{\"@type\":\"SearchAction\",\"target\":{\"@type\":\"EntryPoint\",\"urlTemplate\":\"https:\\\/\\\/www.tracking-progress.org\\\/?s={search_term_string}\"},\"query-input\":{\"@type\":\"PropertyValueSpecification\",\"valueRequired\":true,\"valueName\":\"search_term_string\"}}],\"inLanguage\":\"fr-CA\"}]}<\/script>\n<!-- \/ Yoast SEO plugin. -->","yoast_head_json":{"title":"Cr\u00e9er un site - suivi des progr\u00e8s","robots":{"index":"index","follow":"follow","max-snippet":"max-snippet:-1","max-image-preview":"max-image-preview:large","max-video-preview":"max-video-preview:-1"},"canonical":"https:\/\/www.tracking-progress.org\/create-a-cis\/","og_locale":"fr_CA","og_type":"article","og_title":"Cr\u00e9er un site - suivi des progr\u00e8s","og_url":"https:\/\/www.tracking-progress.org\/create-a-cis\/","og_site_name":"suivi des progr\u00e8s","article_modified_time":"2022-01-28T03:54:28+00:00","og_image":[{"url":"https:\/\/www.tracking-progress.org\/wp-content\/uploads\/2018\/08\/ALL_THEMES_ICONS-300x37.png","type":"","width":"","height":""}],"twitter_card":"summary_large_image","twitter_misc":{"Estimation du temps de lecture":"1 minute"},"schema":{"@context":"https:\/\/schema.org","@graph":[{"@type":"WebPage","@id":"https:\/\/www.tracking-progress.org\/create-a-cis\/","url":"https:\/\/www.tracking-progress.org\/create-a-cis\/","name":"Cr\u00e9er un site - suivi des progr\u00e8s","isPartOf":{"@id":"https:\/\/www.tracking-progress.org\/#website"},"primaryImageOfPage":{"@id":"https:\/\/www.tracking-progress.org\/create-a-cis\/#primaryimage"},"image":{"@id":"https:\/\/www.tracking-progress.org\/create-a-cis\/#primaryimage"},"thumbnailUrl":"https:\/\/www.tracking-progress.org\/wp-content\/uploads\/2018\/08\/ALL_THEMES_ICONS-300x37.png","datePublished":"2018-08-29T16:17:54+00:00","dateModified":"2022-01-28T03:54:28+00:00","breadcrumb":{"@id":"https:\/\/www.tracking-progress.org\/create-a-cis\/#breadcrumb"},"inLanguage":"fr-CA","potentialAction":[{"@type":"ReadAction","target":["https:\/\/www.tracking-progress.org\/create-a-cis\/"]}]},{"@type":"ImageObject","inLanguage":"fr-CA","@id":"https:\/\/www.tracking-progress.org\/create-a-cis\/#primaryimage","url":"https:\/\/www.tracking-progress.org\/wp-content\/uploads\/2018\/08\/ALL_THEMES_ICONS-300x37.png","contentUrl":"https:\/\/www.tracking-progress.org\/wp-content\/uploads\/2018\/08\/ALL_THEMES_ICONS-300x37.png"},{"@type":"BreadcrumbList","@id":"https:\/\/www.tracking-progress.org\/create-a-cis\/#breadcrumb","itemListElement":[{"@type":"ListItem","position":1,"name":"Home","item":"https:\/\/www.tracking-progress.org\/"},{"@type":"ListItem","position":2,"name":"Create a Site"}]},{"@type":"WebSite","@id":"https:\/\/www.tracking-progress.org\/#website","url":"https:\/\/www.tracking-progress.org\/","name":"suivi des progr\u00e8s","description":"Suivi local, r\u00e9flexion globale","potentialAction":[{"@type":"SearchAction","target":{"@type":"EntryPoint","urlTemplate":"https:\/\/www.tracking-progress.org\/?s={search_term_string}"},"query-input":{"@type":"PropertyValueSpecification","valueRequired":true,"valueName":"search_term_string"}}],"inLanguage":"fr-CA"}]}},"_links":{"self":[{"href":"https:\/\/www.tracking-progress.org\/qc\/wp-json\/wp\/v2\/pages\/460","targetHints":{"allow":["GET"]}}],"collection":[{"href":"https:\/\/www.tracking-progress.org\/qc\/wp-json\/wp\/v2\/pages"}],"about":[{"href":"https:\/\/www.tracking-progress.org\/qc\/wp-json\/wp\/v2\/types\/page"}],"author":[{"embeddable":true,"href":"https:\/\/www.tracking-progress.org\/qc\/wp-json\/wp\/v2\/users\/4"}],"replies":[{"embeddable":true,"href":"https:\/\/www.tracking-progress.org\/qc\/wp-json\/wp\/v2\/comments?post=460"}],"version-history":[{"count":53,"href":"https:\/\/www.tracking-progress.org\/qc\/wp-json\/wp\/v2\/pages\/460\/revisions"}],"predecessor-version":[{"id":1232,"href":"https:\/\/www.tracking-progress.org\/qc\/wp-json\/wp\/v2\/pages\/460\/revisions\/1232"}],"wp:attachment":[{"href":"https:\/\/www.tracking-progress.org\/qc\/wp-json\/wp\/v2\/media?parent=460"}],"curies":[{"name":"wp","href":"https:\/\/api.w.org\/{rel}","templated":true}]}}